{"id":2430,"date":"2020-06-18T13:44:43","date_gmt":"2020-06-18T11:44:43","guid":{"rendered":"https:\/\/www.curvecreativestudio.com\/curve\/cookie-policy\/"},"modified":"2020-06-18T13:44:43","modified_gmt":"2020-06-18T11:44:43","slug":"cookie-policy","status":"publish","type":"page","link":"https:\/\/www.curvecreativestudio.com\/en\/cookie-policy\/","title":{"rendered":"Cookie policy"},"content":{"rendered":"\n<p>In ottemperanza al Provvedimento n.229 (consultabile qui:\u00a0<a rel=\"noreferrer noopener\" href=\"http:\/\/www.garanteprivacy.it\/web\/guest\/home\/docweb\/-\/docweb-display\/docweb\/3118884\" target=\"_blank\">http:\/\/www.garanteprivacy.it\/web\/guest\/home\/docweb\/-\/docweb-display\/docweb\/3118884<\/a>) emesso dal Garante per la Protezione dei Dati Personali in data 8 maggio 2014, Curve Studio SRL,\u00a0fornisce la seguente informativa sui cookie, sulle loro funzioni e su come eventualmente disabilitarli.<\/p>\n\n\n\n<h3 class=\"wp-block-heading\">Cosa sono i cookie?<\/h3>\n\n\n\n<p>I cookie sono piccoli file di testo che i siti visitati dall\u2019utente inviano e registrano sul suo personal computer o qualsivoglia ulteriore dispositivo, anche mobile, per essere poi ritrasmessi agli stessi siti alla successiva visita. I cookie vengono utilizzati per diverse finalit\u00e0: ad esempio, per ricordare le azioni e preferenze dell\u2019utente (come, ad esempio, i dati di login, la lingua prescelta, le dimensioni dei caratteri, altre impostazioni di visualizzazione, ecc.) in modo che non debbano essere indicate nuovamente quando l\u2019utente torni a visitare detto sito o navighi da una pagina all\u2019altra di esso; ovvero per eseguire autenticazioni informatiche, monitoraggio di sessioni e memorizzazione di informazioni riguardanti le attivit\u00e0 degli utenti che accedono ad un sito e possono contenere anche un codice identificativo unico che consente di tenere traccia della navigazione dell\u2019utente all\u2019interno del sito stesso per finalit\u00e0 statistiche o pubblicitarie.<\/p>\n\n\n\n<p>Esistono dunque differenti tipologie di cookie, differenziabili dalle loro caratteristiche e funzioni:<\/p>\n\n\n\n<p><strong>Cookie di navigazione o di sessione<\/strong><\/p>\n\n\n\n<p>Questi cookie non vengono memorizzati in modo persistente sul dispositivo dell\u2019utente e vengono cancellati alla chiusura del browser. A differenza di altri cookie, i cookie di sessione non hanno una data di scadenza, ed in base a questo il browser riesce ad identificarli come tali.<\/p>\n\n\n\n<p><strong>Cookie tecnici<\/strong><\/p>\n\n\n\n<p>Vengono utilizzati nella misura strettamente necessaria per erogare un servizio esplicitamente richiesto dall\u2019utente. Si tratta, in altre parole, di cookie utili per la navigazione e per facilitare l\u2019accesso e la fruizione del sito da parte dell\u2019utente. I cookie tecnici sono essenziali per esempio per accedere al proprio profilo o alla sezione carrello di un ecommerce senza doversi loggare a tutte le sessioni. Sono presenti anche in operazioni fondamentali quali pagamento tramite carta di credito o per mezzo di altri sistemi.<\/p>\n\n\n\n<p><strong>Cookie analitici<\/strong><\/p>\n\n\n\n<p>Questi vengono utilizzati per raccogliere informazioni, in forma aggregata, sul numero di utenti del sito e delle pagine visualizzate (ad esempio Google Analytics). Si fa rimando alle relative policies che possono cambiare periodicamente e che si consiglia pertanto di consultare nel tempo, dove sono disponibili maggiori informazioni di dettaglio, ad esempio&nbsp;<a href=\"https:\/\/developers.google.com\/analytics\/devguides\/collection\/analyticsjs\/cookie-usage\" target=\"_blank\" rel=\"noreferrer noopener\">https:\/\/developers.google.com\/analytics\/devguides\/collection\/analyticsjs\/cookieusage<\/a>.<\/p>\n\n\n\n<p><strong>Cookie di terze parti<\/strong><\/p>\n\n\n\n<p>i cookie di terze parti, appartengono a domini diversi da quello mostrato nella barra degli indirizzi. Questi tipi di cookie appaiono in genere quando le pagine web sono dotate di contenuti, come ad esempio banner pubblicitari, da siti web esterni che attraverso attivit\u00e0 di tracking, monitorano le preferenze dell\u2019utente nel tentativo di servire annunci rilevanti e personalizzati per ciascuno.<\/p>\n\n\n\n<h3 class=\"wp-block-heading\">I cookie presenti su questo sito sono dunque i seguenti<\/h3>\n\n\n\n\n\n\n\n<p><\/p>\n\n\n\n<p><strong>Sicurezza relativa ai cookie<\/strong><\/p>\n\n\n\n<p>Le tipologie di cookie sopra richiamate possono rimanere nel computer o nel dispositivo mobile utilizzato dall\u2019utente per periodi di tempo diversi, a seconda della funzione dagli stessi assolta. I cookie memorizzati sul computer o mobile device non possono essere utilizzati per richiamare nessun dato dal hard disk, trasmettere virus informatici, n\u00e9 per finalit\u00e0 diverse da quelle sopra descritte.<\/p>\n\n\n\n<h3 class=\"wp-block-heading\">Come modificare le impostazioni relative ai cookie<\/h3>\n\n\n\n<p>La maggior parte dei browser \u00e8 configurata per accettare, controllare o eventualmente disabilitare i cookie attraverso le impostazioni. Le ricordiamo tuttavia che disabilitare i cookie di navigazione o quelli funzionali pu\u00f2 causare il funzionamento del sito e\/o limitare il servizio che offriamo.<\/p>\n\n\n\n<p>\u00c8 possibile quindi impostare e gestire le proprie preferenze relative ai cookie in qualsiasi momento, selezionando quali cookie autorizzare, bloccare o cancellare, in tutto o in parte, attraverso le impostazioni del proprio browser; qui riportiamo il percorso da seguire per gestire i cookie dai principali browser utilizzati:<\/p>\n\n\n\n<ul class=\"wp-block-list\">\n<li><a href=\"https:\/\/windows.microsoft.com\/it-it\/windows7\/block-enable-or-allow-cookies\/\" target=\"_blank\" rel=\"noreferrer noopener\"><strong>IE<\/strong><\/a><\/li>\n\n\n\n<li><a href=\"https:\/\/support.apple.com\/kb\/PH11913\/\" target=\"_blank\" rel=\"noreferrer noopener\"><strong>Safari<\/strong><\/a><\/li>\n\n\n\n<li><a href=\"https:\/\/support.google.com\/chrome\/answer\/95647?hl=it-IT&amp;hlrm=fr&amp;hlrm=en\" target=\"_blank\" rel=\"noreferrer noopener\"><strong>Chrome<\/strong><\/a><\/li>\n\n\n\n<li><a href=\"https:\/\/support.mozilla.org\/it-IT\/kb\/enable-and-disable-cookies-website-preferences\/\" target=\"_blank\" rel=\"noreferrer noopener\"><strong>Firefox<\/strong><\/a><\/li>\n<\/ul>\n\n\n\n<h3 class=\"wp-block-heading\">Cosa comporta eliminare e\/o disabilitare i cookie?<\/h3>\n\n\n\n<p>La cancellazione dei Cookie potrebbe comportare che:<\/p>\n\n\n\n<ul class=\"wp-block-list\">\n<li>le impostazioni memorizzate nella cache non sarebbero pi\u00f9 utilizzabili e quindi in caso di login dovrai effettuare nuovamente l\u2019accesso<\/li>\n\n\n\n<li>il sito potrebbe risultare pi\u00f9 lento in quanto alcune funzionalit\u00e0 non sarebbero pi\u00f9 abilitate<\/li>\n\n\n\n<li>potresti dover inserire manualmente alcune informazioni o preferenze ogni volta che visiterai il sito<\/li>\n<\/ul>\n\n\n\n<p>Per maggiori informazioni sui cookie e per gestire le sue preferenze sui cookie di profilazione di terza parte la invitiamo a visitare&nbsp;<a href=\"http:\/\/www.youronlinechoices.com\/it\/\" target=\"_blank\" rel=\"noreferrer noopener\">https:\/\/www.youronlinechoices.com<\/a>.<\/p>\n\n\n\n<p><em>Nota bene:<\/em><br><em>Il nostro sito conserver\u00e0 le preferenze dell\u2019utente in tema di cookie grazie ad un apposito cookie tecnico, che l\u2019utente dovr\u00e0 accettare al primo caricamento del sito web sul proprio browser.<\/em><\/p>\n","protected":false},"excerpt":{"rendered":"<p>In ottemperanza al Provvedimento n.229 (consultabile qui:\u00a0http:\/\/www.garanteprivacy.it\/web\/guest\/home\/docweb\/-\/docweb-display\/docweb\/3118884) emesso dal Garante per la Protezione dei Dati Personali in data 8 maggio 2014, ,\u00a0fornisce la seguente informativa sui cookie, sulle loro funzioni e su come eventualmente disabilitarli. Cosa sono i cookie? I cookie sono piccoli file di testo che i siti visitati dall\u2019utente inviano e registrano sul [&hellip;]<\/p>\n","protected":false},"author":1,"featured_media":0,"parent":0,"menu_order":0,"comment_status":"closed","ping_status":"closed","template":"page-legal.php","meta":{"_acf_changed":false,"footnotes":""},"class_list":["post-2430","page","type-page","status-publish","hentry"],"acf":[],"yoast_head":"<!-- This site is optimized with the Yoast SEO plugin v27.2 - https:\/\/yoast.com\/product\/yoast-seo-wordpress\/ -->\n<title>Cookie policy - Curve Creative Studio<\/title>\n<meta name=\"robots\" content=\"index, follow, max-snippet:-1, max-image-preview:large, max-video-preview:-1\" \/>\n<link rel=\"canonical\" href=\"https:\/\/www.curvecreativestudio.com\/en\/cookie-policy\/\" \/>\n<meta property=\"og:locale\" content=\"en_US\" \/>\n<meta property=\"og:type\" content=\"article\" \/>\n<meta property=\"og:title\" content=\"Cookie policy - Curve Creative Studio\" \/>\n<meta property=\"og:description\" content=\"In ottemperanza al Provvedimento n.229 (consultabile qui:\u00a0http:\/\/www.garanteprivacy.it\/web\/guest\/home\/docweb\/-\/docweb-display\/docweb\/3118884) emesso dal Garante per la Protezione dei Dati Personali in data 8 maggio 2014, ,\u00a0fornisce la seguente informativa sui cookie, sulle loro funzioni e su come eventualmente disabilitarli. Cosa sono i cookie? I cookie sono piccoli file di testo che i siti visitati dall\u2019utente inviano e registrano sul [&hellip;]\" \/>\n<meta property=\"og:url\" content=\"https:\/\/www.curvecreativestudio.com\/en\/cookie-policy\/\" \/>\n<meta property=\"og:site_name\" content=\"Curve Creative Studio\" \/>\n<meta property=\"article:publisher\" content=\"https:\/\/www.facebook.com\/curvecreativestudio\" \/>\n<meta name=\"twitter:card\" content=\"summary_large_image\" \/>\n<meta name=\"twitter:site\" content=\"@curvestudio\" \/>\n<meta name=\"twitter:label1\" content=\"Est. reading time\" \/>\n\t<meta name=\"twitter:data1\" content=\"4 minutes\" \/>\n<script type=\"application\/ld+json\" class=\"yoast-schema-graph\">{\"@context\":\"https:\/\/schema.org\",\"@graph\":[{\"@type\":\"WebPage\",\"@id\":\"https:\/\/www.curvecreativestudio.com\/en\/cookie-policy\/\",\"url\":\"https:\/\/www.curvecreativestudio.com\/en\/cookie-policy\/\",\"name\":\"Cookie policy - Curve Creative Studio\",\"isPartOf\":{\"@id\":\"https:\/\/www.curvecreativestudio.com\/en\/#website\"},\"datePublished\":\"2020-06-18T11:44:43+00:00\",\"breadcrumb\":{\"@id\":\"https:\/\/www.curvecreativestudio.com\/en\/cookie-policy\/#breadcrumb\"},\"inLanguage\":\"en-US\",\"potentialAction\":[{\"@type\":\"ReadAction\",\"target\":[\"https:\/\/www.curvecreativestudio.com\/en\/cookie-policy\/\"]}]},{\"@type\":\"BreadcrumbList\",\"@id\":\"https:\/\/www.curvecreativestudio.com\/en\/cookie-policy\/#breadcrumb\",\"itemListElement\":[{\"@type\":\"ListItem\",\"position\":1,\"name\":\"Home\",\"item\":\"https:\/\/www.curvecreativestudio.com\/en\/home\/\"},{\"@type\":\"ListItem\",\"position\":2,\"name\":\"Cookie policy\"}]},{\"@type\":\"WebSite\",\"@id\":\"https:\/\/www.curvecreativestudio.com\/en\/#website\",\"url\":\"https:\/\/www.curvecreativestudio.com\/en\/\",\"name\":\"Curve Creative Studio\",\"description\":\"Just another WordPress site\",\"publisher\":{\"@id\":\"https:\/\/www.curvecreativestudio.com\/en\/#organization\"},\"potentialAction\":[{\"@type\":\"SearchAction\",\"target\":{\"@type\":\"EntryPoint\",\"urlTemplate\":\"https:\/\/www.curvecreativestudio.com\/en\/?s={search_term_string}\"},\"query-input\":{\"@type\":\"PropertyValueSpecification\",\"valueRequired\":true,\"valueName\":\"search_term_string\"}}],\"inLanguage\":\"en-US\"},{\"@type\":\"Organization\",\"@id\":\"https:\/\/www.curvecreativestudio.com\/en\/#organization\",\"name\":\"Curve Creative Studio\",\"url\":\"https:\/\/www.curvecreativestudio.com\/en\/\",\"logo\":{\"@type\":\"ImageObject\",\"inLanguage\":\"en-US\",\"@id\":\"https:\/\/www.curvecreativestudio.com\/en\/#\/schema\/logo\/image\/\",\"url\":\"https:\/\/www.curvecreativestudio.com\/curve\/wp-content\/uploads\/2024\/02\/cropped-Favicon-2.png\",\"contentUrl\":\"https:\/\/www.curvecreativestudio.com\/curve\/wp-content\/uploads\/2024\/02\/cropped-Favicon-2.png\",\"width\":512,\"height\":512,\"caption\":\"Curve Creative Studio\"},\"image\":{\"@id\":\"https:\/\/www.curvecreativestudio.com\/en\/#\/schema\/logo\/image\/\"},\"sameAs\":[\"https:\/\/www.facebook.com\/curvecreativestudio\",\"https:\/\/x.com\/curvestudio\",\"https:\/\/www.instagram.com\/curvecreativestudio\/\",\"https:\/\/www.youtube.com\/channel\/UC8p01aLQ6LbVYQqDbViokdw\",\"https:\/\/www.behance.net\/curvestudio\",\"http:\/\/www.linkedin.com\/company\/curve-creative-studio\"]}]}<\/script>\n<!-- \/ Yoast SEO plugin. -->","yoast_head_json":{"title":"Cookie policy - Curve Creative Studio","robots":{"index":"index","follow":"follow","max-snippet":"max-snippet:-1","max-image-preview":"max-image-preview:large","max-video-preview":"max-video-preview:-1"},"canonical":"https:\/\/www.curvecreativestudio.com\/en\/cookie-policy\/","og_locale":"en_US","og_type":"article","og_title":"Cookie policy - Curve Creative Studio","og_description":"In ottemperanza al Provvedimento n.229 (consultabile qui:\u00a0http:\/\/www.garanteprivacy.it\/web\/guest\/home\/docweb\/-\/docweb-display\/docweb\/3118884) emesso dal Garante per la Protezione dei Dati Personali in data 8 maggio 2014, ,\u00a0fornisce la seguente informativa sui cookie, sulle loro funzioni e su come eventualmente disabilitarli. Cosa sono i cookie? I cookie sono piccoli file di testo che i siti visitati dall\u2019utente inviano e registrano sul [&hellip;]","og_url":"https:\/\/www.curvecreativestudio.com\/en\/cookie-policy\/","og_site_name":"Curve Creative Studio","article_publisher":"https:\/\/www.facebook.com\/curvecreativestudio","twitter_card":"summary_large_image","twitter_site":"@curvestudio","twitter_misc":{"Est. reading time":"4 minutes"},"schema":{"@context":"https:\/\/schema.org","@graph":[{"@type":"WebPage","@id":"https:\/\/www.curvecreativestudio.com\/en\/cookie-policy\/","url":"https:\/\/www.curvecreativestudio.com\/en\/cookie-policy\/","name":"Cookie policy - Curve Creative Studio","isPartOf":{"@id":"https:\/\/www.curvecreativestudio.com\/en\/#website"},"datePublished":"2020-06-18T11:44:43+00:00","breadcrumb":{"@id":"https:\/\/www.curvecreativestudio.com\/en\/cookie-policy\/#breadcrumb"},"inLanguage":"en-US","potentialAction":[{"@type":"ReadAction","target":["https:\/\/www.curvecreativestudio.com\/en\/cookie-policy\/"]}]},{"@type":"BreadcrumbList","@id":"https:\/\/www.curvecreativestudio.com\/en\/cookie-policy\/#breadcrumb","itemListElement":[{"@type":"ListItem","position":1,"name":"Home","item":"https:\/\/www.curvecreativestudio.com\/en\/home\/"},{"@type":"ListItem","position":2,"name":"Cookie policy"}]},{"@type":"WebSite","@id":"https:\/\/www.curvecreativestudio.com\/en\/#website","url":"https:\/\/www.curvecreativestudio.com\/en\/","name":"Curve Creative Studio","description":"Just another WordPress site","publisher":{"@id":"https:\/\/www.curvecreativestudio.com\/en\/#organization"},"potentialAction":[{"@type":"SearchAction","target":{"@type":"EntryPoint","urlTemplate":"https:\/\/www.curvecreativestudio.com\/en\/?s={search_term_string}"},"query-input":{"@type":"PropertyValueSpecification","valueRequired":true,"valueName":"search_term_string"}}],"inLanguage":"en-US"},{"@type":"Organization","@id":"https:\/\/www.curvecreativestudio.com\/en\/#organization","name":"Curve Creative Studio","url":"https:\/\/www.curvecreativestudio.com\/en\/","logo":{"@type":"ImageObject","inLanguage":"en-US","@id":"https:\/\/www.curvecreativestudio.com\/en\/#\/schema\/logo\/image\/","url":"https:\/\/www.curvecreativestudio.com\/curve\/wp-content\/uploads\/2024\/02\/cropped-Favicon-2.png","contentUrl":"https:\/\/www.curvecreativestudio.com\/curve\/wp-content\/uploads\/2024\/02\/cropped-Favicon-2.png","width":512,"height":512,"caption":"Curve Creative Studio"},"image":{"@id":"https:\/\/www.curvecreativestudio.com\/en\/#\/schema\/logo\/image\/"},"sameAs":["https:\/\/www.facebook.com\/curvecreativestudio","https:\/\/x.com\/curvestudio","https:\/\/www.instagram.com\/curvecreativestudio\/","https:\/\/www.youtube.com\/channel\/UC8p01aLQ6LbVYQqDbViokdw","https:\/\/www.behance.net\/curvestudio","http:\/\/www.linkedin.com\/company\/curve-creative-studio"]}]}},"_links":{"self":[{"href":"https:\/\/www.curvecreativestudio.com\/en\/wp-json\/wp\/v2\/pages\/2430","targetHints":{"allow":["GET"]}}],"collection":[{"href":"https:\/\/www.curvecreativestudio.com\/en\/wp-json\/wp\/v2\/pages"}],"about":[{"href":"https:\/\/www.curvecreativestudio.com\/en\/wp-json\/wp\/v2\/types\/page"}],"author":[{"embeddable":true,"href":"https:\/\/www.curvecreativestudio.com\/en\/wp-json\/wp\/v2\/users\/1"}],"replies":[{"embeddable":true,"href":"https:\/\/www.curvecreativestudio.com\/en\/wp-json\/wp\/v2\/comments?post=2430"}],"version-history":[{"count":0,"href":"https:\/\/www.curvecreativestudio.com\/en\/wp-json\/wp\/v2\/pages\/2430\/revisions"}],"wp:attachment":[{"href":"https:\/\/www.curvecreativestudio.com\/en\/wp-json\/wp\/v2\/media?parent=2430"}],"curies":[{"name":"wp","href":"https:\/\/api.w.org\/{rel}","templated":true}]}}